{"id":259,"date":"2024-08-18T17:46:32","date_gmt":"2024-08-18T15:46:32","guid":{"rendered":"https:\/\/rotmilane.com\/?page_id=259"},"modified":"2024-08-18T18:16:01","modified_gmt":"2024-08-18T16:16:01","slug":"die-woelflingsmeute","status":"publish","type":"page","link":"http:\/\/rotmilane.com\/?page_id=259","title":{"rendered":"Die W\u00f6lflingsmeute"},"content":{"rendered":"\n<h3 class=\"wp-block-heading\">Was bedeutet es, ein W\u00f6lfling bei uns zu sein?<\/h3>\n\n\n\n<p>Die W\u00f6lflinge sind unsere j\u00fcngste Pfadfindergruppe, in der Kinder im Alter von <strong>6 bis 9 Jahren<\/strong> gemeinsam als Meute die Welt entdecken. Erkennbar an ihren orangenen Halst\u00fcchern, treffen sie sich regelm\u00e4\u00dfig, um spannende Abenteuer zu erleben und die Natur kennenzulernen.<\/p>\n\n\n\n<p>Das Konzept der W\u00f6lflinge ist eng mit der Geschichte von Mogli aus dem Dschungelbuch verbunden. Wie Mogli, der im Wolfsrudel aufw\u00e4chst, wirst auch du Teil einer starken Gemeinschaft, die zusammenh\u00e4lt und sich gegenseitig unterst\u00fctzt. In der W\u00f6lflingsmeute lernst du, wie man sich in der Natur zurechtfindet, Aufgaben l\u00f6st und dabei immer auf seine Mitmenschen R\u00fccksicht nimmt.<\/p>\n\n\n\n<p>Bei uns geht es darum, gemeinsam zu wachsen, neue F\u00e4higkeiten zu erlernen und unvergessliche Erlebnisse zu sammeln \u2013 genau wie Mogli in seiner abenteuerlichen Welt. Werde ein Teil unserer W\u00f6lflingsmeute und erlebe mit uns, was es hei\u00dft, ein echter W\u00f6lfling zu sein!<\/p>\n\n\n\n<p>Wenn dich das interessiert, dann komm gerne zu einer <strong><a href=\"https:\/\/rotmilane.com\/?post_type=tribe_events\" data-type=\"link\" data-id=\"https:\/\/rotmilane.com\/?post_type=tribe_events\">Gruppenstunde<\/a> <\/strong>zum Schnuppern vorbei oder bring deine Eltern mit zum gro\u00dfen <a href=\"https:\/\/rotmilane.com\/?page_id=246\" data-type=\"page\" data-id=\"246\"><strong>Schnuppertag<\/strong><\/a> im Herbst. Wir freuen uns darauf, dich kennenzulernen!<\/p>\n\n\n\n<figure class=\"wp-block-gallery has-nested-images columns-3 wp-block-gallery-1 is-layout-flex wp-block-gallery-is-layout-flex\">\n<figure class=\"wp-block-image size-full\"><img loading=\"lazy\" decoding=\"async\" width=\"2048\" height=\"1536\" data-id=\"269\" src=\"https:\/\/rotmilane.com\/wp-content\/uploads\/2024\/08\/SeiteWoelflinge-1.jpg\" alt=\"\" class=\"wp-image-269\" srcset=\"http:\/\/rotmilane.com\/wp-content\/uploads\/2024\/08\/SeiteWoelflinge-1.jpg 2048w, http:\/\/rotmilane.com\/wp-content\/uploads\/2024\/08\/SeiteWoelflinge-1-300x225.jpg 300w, http:\/\/rotmilane.com\/wp-content\/uploads\/2024\/08\/SeiteWoelflinge-1-1024x768.jpg 1024w, http:\/\/rotmilane.com\/wp-content\/uploads\/2024\/08\/SeiteWoelflinge-1-768x576.jpg 768w, http:\/\/rotmilane.com\/wp-content\/uploads\/2024\/08\/SeiteWoelflinge-1-1536x1152.jpg 1536w\" sizes=\"(max-width: 2048px) 100vw, 2048px\" \/><\/figure>\n\n\n\n<figure class=\"wp-block-image size-full\"><img loading=\"lazy\" decoding=\"async\" width=\"2048\" height=\"1536\" data-id=\"268\" src=\"https:\/\/rotmilane.com\/wp-content\/uploads\/2024\/08\/SeiteWoelflinge2.jpg\" alt=\"\" class=\"wp-image-268\" srcset=\"http:\/\/rotmilane.com\/wp-content\/uploads\/2024\/08\/SeiteWoelflinge2.jpg 2048w, http:\/\/rotmilane.com\/wp-content\/uploads\/2024\/08\/SeiteWoelflinge2-300x225.jpg 300w, http:\/\/rotmilane.com\/wp-content\/uploads\/2024\/08\/SeiteWoelflinge2-1024x768.jpg 1024w, http:\/\/rotmilane.com\/wp-content\/uploads\/2024\/08\/SeiteWoelflinge2-768x576.jpg 768w, http:\/\/rotmilane.com\/wp-content\/uploads\/2024\/08\/SeiteWoelflinge2-1536x1152.jpg 1536w\" sizes=\"(max-width: 2048px) 100vw, 2048px\" \/><\/figure>\n<\/figure>\n\n\n\n<figure class=\"wp-block-image size-large is-resized is-style-default\"><img loading=\"lazy\" decoding=\"async\" width=\"576\" height=\"1024\" src=\"https:\/\/rotmilane.com\/wp-content\/uploads\/2024\/08\/SeiteWoelflinge3-1-576x1024.jpg\" alt=\"\" class=\"wp-image-270\" style=\"width:284px;height:auto\" srcset=\"http:\/\/rotmilane.com\/wp-content\/uploads\/2024\/08\/SeiteWoelflinge3-1-576x1024.jpg 576w, http:\/\/rotmilane.com\/wp-content\/uploads\/2024\/08\/SeiteWoelflinge3-1-169x300.jpg 169w, http:\/\/rotmilane.com\/wp-content\/uploads\/2024\/08\/SeiteWoelflinge3-1-768x1365.jpg 768w, http:\/\/rotmilane.com\/wp-content\/uploads\/2024\/08\/SeiteWoelflinge3-1-864x1536.jpg 864w, http:\/\/rotmilane.com\/wp-content\/uploads\/2024\/08\/SeiteWoelflinge3-1.jpg 900w\" sizes=\"(max-width: 576px) 100vw, 576px\" \/><\/figure>\n","protected":false},"excerpt":{"rendered":"<p>Was bedeutet es, ein W\u00f6lfling bei uns zu sein? Die W\u00f6lflinge sind unsere j\u00fcngste Pfadfindergruppe, in der Kinder im Alter von 6 bis 9 Jahren gemeinsam als Meute die Welt [&hellip;]<\/p>\n","protected":false},"author":1,"featured_media":0,"parent":0,"menu_order":0,"comment_status":"closed","ping_status":"closed","template":"","meta":{"footnotes":""},"class_list":["post-259","page","type-page","status-publish","hentry"],"_links":{"self":[{"href":"http:\/\/rotmilane.com\/index.php?rest_route=\/wp\/v2\/pages\/259"}],"collection":[{"href":"http:\/\/rotmilane.com\/index.php?rest_route=\/wp\/v2\/pages"}],"about":[{"href":"http:\/\/rotmilane.com\/index.php?rest_route=\/wp\/v2\/types\/page"}],"author":[{"embeddable":true,"href":"http:\/\/rotmilane.com\/index.php?rest_route=\/wp\/v2\/users\/1"}],"replies":[{"embeddable":true,"href":"http:\/\/rotmilane.com\/index.php?rest_route=%2Fwp%2Fv2%2Fcomments&post=259"}],"version-history":[{"count":2,"href":"http:\/\/rotmilane.com\/index.php?rest_route=\/wp\/v2\/pages\/259\/revisions"}],"predecessor-version":[{"id":271,"href":"http:\/\/rotmilane.com\/index.php?rest_route=\/wp\/v2\/pages\/259\/revisions\/271"}],"wp:attachment":[{"href":"http:\/\/rotmilane.com\/index.php?rest_route=%2Fwp%2Fv2%2Fmedia&parent=259"}],"curies":[{"name":"wp","href":"https:\/\/api.w.org\/{rel}","templated":true}]}}