{"id":246,"date":"2024-08-18T17:16:20","date_gmt":"2024-08-18T15:16:20","guid":{"rendered":"https:\/\/rotmilane.com\/?page_id=246"},"modified":"2024-08-18T19:40:12","modified_gmt":"2024-08-18T17:40:12","slug":"schnuppertag-mit-den-eltern","status":"publish","type":"page","link":"https:\/\/rotmilane.com\/?page_id=246","title":{"rendered":"Schnuppertag mit den Eltern"},"content":{"rendered":"\n<p>Einmal im Jahr laden die Laimbacher Rotmilane alle Entdecker und Abenteurer von&nbsp;<strong>6 bis 16 Jahren<\/strong>&nbsp;herzlich zu unserem&nbsp;<strong>Schnuppertag<\/strong>&nbsp;ein! Von&nbsp;<strong>15 bis 17 Uhr<\/strong>&nbsp;erwartet euch auf unserer Pfadfinderwiese bei Oberlaimbach ein aufregender Nachmittag voller Herausforderungen und neuer Erfahrungen.<\/p>\n\n\n\n<p>In altersgerechten Gruppen, den sogenannten Sippen, bieten die Pfadfinder f\u00fcr Kinder und Jugendliche jeden Alters spannende Aktivit\u00e4ten! W\u00e4hrend die J\u00fcngeren spielerisch die Natur erkunden, erste Pfadfindertechniken kennenlernen und dabei jede Menge Spa\u00df haben, k\u00f6nnen sich die \u00c4lteren an anspruchsvolleren Projekten versuchen. So wurden im Laufe des letzten Jahres bereits beeindruckende Lagerbauten wie eine Br\u00fccke oder ein Essplatz konstruiert, die Natur nur ausger\u00fcstet mit einem Kompass erkundet oder leckere Mahlzeiten \u00fcber dem selbst entfachten Lagerfeuer gekocht.<\/p>\n\n\n\n<p>Unser Schnuppertag ist die perfekte Gelegenheit, die Vielfalt des Pfadfinderlebens hautnah zu entdecken! Lernt unsere Sippen kennen, erkundet unseren Pfadfinderplatz und findet heraus, was es hei\u00dft, ein Pfadfinder zu sein. Besonders am Schnuppertag sind auch die Eltern herzlich willkommen, sich ein Bild von den Laimbacher Rotmilanen zu machen und alle Fragen rund um die Pfadfinder zu kl\u00e4ren.<\/p>\n\n\n\n<p>\u00dcbrigens: Wenn ihr am Schnuppertag nicht k\u00f6nnt, ist das kein Problem! Ihr k\u00f6nnt auch jederzeit zu einer unserer Gruppenstunden kommen und reinschnuppern.<\/p>\n\n\n\n<figure class=\"wp-block-image size-large\"><img loading=\"lazy\" decoding=\"async\" width=\"1024\" height=\"768\" src=\"https:\/\/rotmilane.com\/wp-content\/uploads\/2024\/08\/Schnuppertag-1024x768.jpg\" alt=\"\" class=\"wp-image-321\" srcset=\"https:\/\/rotmilane.com\/wp-content\/uploads\/2024\/08\/Schnuppertag-1024x768.jpg 1024w, https:\/\/rotmilane.com\/wp-content\/uploads\/2024\/08\/Schnuppertag-300x225.jpg 300w, https:\/\/rotmilane.com\/wp-content\/uploads\/2024\/08\/Schnuppertag-768x576.jpg 768w, https:\/\/rotmilane.com\/wp-content\/uploads\/2024\/08\/Schnuppertag-1536x1152.jpg 1536w, https:\/\/rotmilane.com\/wp-content\/uploads\/2024\/08\/Schnuppertag.jpg 1600w\" sizes=\"(max-width: 1024px) 100vw, 1024px\" \/><\/figure>\n","protected":false},"excerpt":{"rendered":"<p>Einmal im Jahr laden die Laimbacher Rotmilane alle Entdecker und Abenteurer von&nbsp;6 bis 16 Jahren&nbsp;herzlich zu unserem&nbsp;Schnuppertag&nbsp;ein! Von&nbsp;15 bis 17 Uhr&nbsp;erwartet euch auf unserer Pfadfinderwiese bei Oberlaimbach ein aufregender Nachmittag [&hellip;]<\/p>\n","protected":false},"author":1,"featured_media":0,"parent":0,"menu_order":0,"comment_status":"closed","ping_status":"closed","template":"","meta":{"footnotes":""},"class_list":["post-246","page","type-page","status-publish","hentry"],"_links":{"self":[{"href":"https:\/\/rotmilane.com\/index.php?rest_route=\/wp\/v2\/pages\/246"}],"collection":[{"href":"https:\/\/rotmilane.com\/index.php?rest_route=\/wp\/v2\/pages"}],"about":[{"href":"https:\/\/rotmilane.com\/index.php?rest_route=\/wp\/v2\/types\/page"}],"author":[{"embeddable":true,"href":"https:\/\/rotmilane.com\/index.php?rest_route=\/wp\/v2\/users\/1"}],"replies":[{"embeddable":true,"href":"https:\/\/rotmilane.com\/index.php?rest_route=%2Fwp%2Fv2%2Fcomments&post=246"}],"version-history":[{"count":2,"href":"https:\/\/rotmilane.com\/index.php?rest_route=\/wp\/v2\/pages\/246\/revisions"}],"predecessor-version":[{"id":322,"href":"https:\/\/rotmilane.com\/index.php?rest_route=\/wp\/v2\/pages\/246\/revisions\/322"}],"wp:attachment":[{"href":"https:\/\/rotmilane.com\/index.php?rest_route=%2Fwp%2Fv2%2Fmedia&parent=246"}],"curies":[{"name":"wp","href":"https:\/\/api.w.org\/{rel}","templated":true}]}}