{"id":257,"date":"2024-08-18T17:40:33","date_gmt":"2024-08-18T15:40:33","guid":{"rendered":"https:\/\/rotmilane.com\/?page_id=257"},"modified":"2024-08-18T19:13:03","modified_gmt":"2024-08-18T17:13:03","slug":"unsere-sippen","status":"publish","type":"page","link":"https:\/\/rotmilane.com\/?page_id=257","title":{"rendered":"Die Pfadfinder-Sippen"},"content":{"rendered":"\n<p>Die Jungpfadfinder (<strong>9 bis 12 Jahre<\/strong>) und die \u00e4lteren Pfadfinder (<strong>13 bis 16 Jahre<\/strong>) haben jeweils ihre eigenen Programme, die auf ihre Altersstufen abgestimmt sind. Gemeinsam lernen wir, wie man Feuer mit minimalen Hilfsmitteln entz\u00fcndet, bauen praktische Lagerstrukturen wie Br\u00fccken und Esspl\u00e4tze und \u00fcben uns im sicheren Umgang mit Messer und Werkzeug.<\/p>\n\n\n\n<p>Jede <a href=\"https:\/\/rotmilane.com\/?post_type=tribe_events\" data-type=\"link\" data-id=\"https:\/\/rotmilane.com\/?post_type=tribe_events\"><strong>Gruppenstunde<\/strong><\/a> bringt neue Herausforderungen und Gelegenheiten zum Lernen. Ob beim Zelte bauen, bei der Orientierung mit Karte und Kompass oder beim Kn\u00fcpfen neuer Freundschaften \u2013 wir setzen auf Teamarbeit und viel Spa\u00df. Durch spannende \u00dcbungen und gemeinsames Planen bereiten wir uns auf das gro\u00dfe Sommercamp vor, wo wir unser K\u00f6nnen dann unter Beweis stellen k\u00f6nnen.<\/p>\n\n\n\n<p>Komm vorbei, bleib neugierig und abenteuerlustig \u2013 wir freuen uns darauf, dich in unseren n\u00e4chsten <strong><a href=\"https:\/\/rotmilane.com\/?post_type=tribe_events\" data-type=\"link\" data-id=\"https:\/\/rotmilane.com\/?post_type=tribe_events\">Gruppenstunden<\/a><\/strong> begr\u00fc\u00dfen zu d\u00fcrfen und gemeinsam tolle Erlebnisse zu teilen!<\/p>\n\n\n\n<figure class=\"wp-block-gallery has-nested-images columns-default is-cropped wp-block-gallery-1 is-layout-flex wp-block-gallery-is-layout-flex\">\n<figure class=\"wp-block-image size-large\"><img loading=\"lazy\" decoding=\"async\" width=\"1024\" height=\"768\" data-id=\"304\" src=\"https:\/\/rotmilane.com\/wp-content\/uploads\/2024\/08\/IMG-20231202-WA0004.jpg\" alt=\"\" class=\"wp-image-304\" srcset=\"https:\/\/rotmilane.com\/wp-content\/uploads\/2024\/08\/IMG-20231202-WA0004.jpg 1024w, https:\/\/rotmilane.com\/wp-content\/uploads\/2024\/08\/IMG-20231202-WA0004-300x225.jpg 300w, https:\/\/rotmilane.com\/wp-content\/uploads\/2024\/08\/IMG-20231202-WA0004-768x576.jpg 768w\" sizes=\"(max-width: 1024px) 100vw, 1024px\" \/><\/figure>\n\n\n\n<figure class=\"wp-block-image size-large\"><img loading=\"lazy\" decoding=\"async\" width=\"1024\" height=\"576\" data-id=\"303\" src=\"https:\/\/rotmilane.com\/wp-content\/uploads\/2024\/08\/SeitePfadfinder1-1024x576.jpg\" alt=\"\" class=\"wp-image-303\" srcset=\"https:\/\/rotmilane.com\/wp-content\/uploads\/2024\/08\/SeitePfadfinder1-1024x576.jpg 1024w, https:\/\/rotmilane.com\/wp-content\/uploads\/2024\/08\/SeitePfadfinder1-300x169.jpg 300w, https:\/\/rotmilane.com\/wp-content\/uploads\/2024\/08\/SeitePfadfinder1-768x432.jpg 768w, https:\/\/rotmilane.com\/wp-content\/uploads\/2024\/08\/SeitePfadfinder1-1536x864.jpg 1536w, https:\/\/rotmilane.com\/wp-content\/uploads\/2024\/08\/SeitePfadfinder1.jpg 2048w\" sizes=\"(max-width: 1024px) 100vw, 1024px\" \/><\/figure>\n\n\n\n<figure class=\"wp-block-image size-large\"><img loading=\"lazy\" decoding=\"async\" width=\"1024\" height=\"768\" data-id=\"305\" src=\"https:\/\/rotmilane.com\/wp-content\/uploads\/2024\/08\/SeitePfadfinder2-1024x768.jpg\" alt=\"\" class=\"wp-image-305\" srcset=\"https:\/\/rotmilane.com\/wp-content\/uploads\/2024\/08\/SeitePfadfinder2-1024x768.jpg 1024w, https:\/\/rotmilane.com\/wp-content\/uploads\/2024\/08\/SeitePfadfinder2-300x225.jpg 300w, https:\/\/rotmilane.com\/wp-content\/uploads\/2024\/08\/SeitePfadfinder2-768x576.jpg 768w, https:\/\/rotmilane.com\/wp-content\/uploads\/2024\/08\/SeitePfadfinder2-1536x1152.jpg 1536w, https:\/\/rotmilane.com\/wp-content\/uploads\/2024\/08\/SeitePfadfinder2-2048x1536.jpg 2048w\" sizes=\"(max-width: 1024px) 100vw, 1024px\" \/><\/figure>\n<\/figure>\n","protected":false},"excerpt":{"rendered":"<p>Die Jungpfadfinder (9 bis 12 Jahre) und die \u00e4lteren Pfadfinder (13 bis 16 Jahre) haben jeweils ihre eigenen Programme, die auf ihre Altersstufen abgestimmt sind. Gemeinsam lernen wir, wie man [&hellip;]<\/p>\n","protected":false},"author":1,"featured_media":0,"parent":0,"menu_order":0,"comment_status":"closed","ping_status":"closed","template":"","meta":{"footnotes":""},"class_list":["post-257","page","type-page","status-publish","hentry"],"_links":{"self":[{"href":"https:\/\/rotmilane.com\/index.php?rest_route=\/wp\/v2\/pages\/257"}],"collection":[{"href":"https:\/\/rotmilane.com\/index.php?rest_route=\/wp\/v2\/pages"}],"about":[{"href":"https:\/\/rotmilane.com\/index.php?rest_route=\/wp\/v2\/types\/page"}],"author":[{"embeddable":true,"href":"https:\/\/rotmilane.com\/index.php?rest_route=\/wp\/v2\/users\/1"}],"replies":[{"embeddable":true,"href":"https:\/\/rotmilane.com\/index.php?rest_route=%2Fwp%2Fv2%2Fcomments&post=257"}],"version-history":[{"count":7,"href":"https:\/\/rotmilane.com\/index.php?rest_route=\/wp\/v2\/pages\/257\/revisions"}],"predecessor-version":[{"id":308,"href":"https:\/\/rotmilane.com\/index.php?rest_route=\/wp\/v2\/pages\/257\/revisions\/308"}],"wp:attachment":[{"href":"https:\/\/rotmilane.com\/index.php?rest_route=%2Fwp%2Fv2%2Fmedia&parent=257"}],"curies":[{"name":"wp","href":"https:\/\/api.w.org\/{rel}","templated":true}]}}