{"id":5,"date":"2024-04-10T20:08:34","date_gmt":"2024-04-10T20:08:34","guid":{"rendered":"https:\/\/rotmilane.com\/?page_id=5"},"modified":"2024-10-22T19:36:10","modified_gmt":"2024-10-22T17:36:10","slug":"willkommen-auf-https-rotmilane-com","status":"publish","type":"page","link":"https:\/\/rotmilane.com\/","title":{"rendered":"Willkommen bei den Laimbacher Rotmilanen!"},"content":{"rendered":"\n<p>Wir sind die Pfadfinder des CVJM Unterlaimbach, Oberlaimbach, Markt Bibart e.V. und bieten ein spannendes Programm f\u00fcr Kinder und Jugendliche zwischen 6 und 18 Jahren. Unser engagiertes Team von etwa 15 ehrenamtlichen Mitarbeitenden betreut rund 40 Pfadfinder. Diese sind in vier altersgerechte <strong><a href=\"https:\/\/rotmilane.com\/?page_id=257\" data-type=\"page\" data-id=\"257\">Sippen<\/a><\/strong> (davon eine <strong><a href=\"https:\/\/rotmilane.com\/?page_id=273\" data-type=\"page\" data-id=\"273\">Rover-Sippe<\/a><\/strong>) und eine <a href=\"https:\/\/rotmilane.com\/?page_id=259\" data-type=\"page\" data-id=\"259\"><strong>W\u00f6lflingsmeute<\/strong><\/a> eingeteilt. Auf unserer Pfadiwiese bei Oberlaimbach treffen wir uns regelm\u00e4\u00dfig, um gemeinsam Abenteuer zu erleben und wertvolle F\u00e4higkeiten zu erlernen. Dazu z\u00e4hlen der verantwortungsvolle Umgang mit Feuer, Messer und Werkzeugen, Pfadfinderknoten sowie das Entdecken der Natur und das \u00dcben von Teamarbeit und sozialen F\u00e4higkeiten.<\/p>\n\n\n\n<p>Auf dieser Webseite findest du Informationen dazu, <a href=\"https:\/\/rotmilane.com\/?cat=9\" data-type=\"category\" data-id=\"9\"><strong>was bei uns los ist<\/strong><\/a>, sowie zu <a href=\"https:\/\/rotmilane.com\/?post_type=tribe_events\" data-type=\"page\" data-id=\"252\"><strong>Terminen<\/strong><\/a>, wie du <a href=\"https:\/\/rotmilane.com\/?page_id=189\" data-type=\"page\" data-id=\"189\"><strong>mitmachen<\/strong><\/a> kannst oder wie du unsere Arbeit <a href=\"https:\/\/rotmilane.com\/?page_id=183\" data-type=\"page\" data-id=\"183\"><strong>unterst\u00fctzen<\/strong><\/a> kannst. Sei dabei und lass uns gemeinsam das Abenteuer Pfadfinder gestalten.<\/p>\n\n\n\n<p>Sind noch weitere Fragen offen? Dann kontaktiere uns gerne unter <a href=\"mailto:pfadfinder@cvjm-unterlaimbach.de\"><strong>pfadfinder@cvjm-unterlaimbach.de<\/strong><\/a><\/p>\n\n\n\n<figure class=\"wp-block-image size-full is-resized\"><img loading=\"lazy\" decoding=\"async\" width=\"634\" height=\"899\" src=\"http:\/\/rotmilane.com\/wp-content\/uploads\/2024\/07\/image.png\" alt=\"\" class=\"wp-image-111\" style=\"width:840px;height:auto\" srcset=\"https:\/\/rotmilane.com\/wp-content\/uploads\/2024\/07\/image.png 634w, https:\/\/rotmilane.com\/wp-content\/uploads\/2024\/07\/image-212x300.png 212w\" sizes=\"(max-width: 634px) 100vw, 634px\" \/><\/figure>\n\n\n\n<p><\/p>\n","protected":false},"excerpt":{"rendered":"<p>Wir sind die Pfadfinder des CVJM Unterlaimbach, Oberlaimbach, Markt Bibart e.V. und bieten ein spannendes Programm f\u00fcr Kinder und Jugendliche zwischen 6 und 18 Jahren. Unser engagiertes Team von etwa [&hellip;]<\/p>\n","protected":false},"author":1,"featured_media":0,"parent":0,"menu_order":0,"comment_status":"closed","ping_status":"open","template":"","meta":{"footnotes":""},"class_list":["post-5","page","type-page","status-publish","hentry"],"_links":{"self":[{"href":"https:\/\/rotmilane.com\/index.php?rest_route=\/wp\/v2\/pages\/5"}],"collection":[{"href":"https:\/\/rotmilane.com\/index.php?rest_route=\/wp\/v2\/pages"}],"about":[{"href":"https:\/\/rotmilane.com\/index.php?rest_route=\/wp\/v2\/types\/page"}],"author":[{"embeddable":true,"href":"https:\/\/rotmilane.com\/index.php?rest_route=\/wp\/v2\/users\/1"}],"replies":[{"embeddable":true,"href":"https:\/\/rotmilane.com\/index.php?rest_route=%2Fwp%2Fv2%2Fcomments&post=5"}],"version-history":[{"count":20,"href":"https:\/\/rotmilane.com\/index.php?rest_route=\/wp\/v2\/pages\/5\/revisions"}],"predecessor-version":[{"id":449,"href":"https:\/\/rotmilane.com\/index.php?rest_route=\/wp\/v2\/pages\/5\/revisions\/449"}],"wp:attachment":[{"href":"https:\/\/rotmilane.com\/index.php?rest_route=%2Fwp%2Fv2%2Fmedia&parent=5"}],"curies":[{"name":"wp","href":"https:\/\/api.w.org\/{rel}","templated":true}]}}